{"id":250,"date":"2012-02-15T23:07:04","date_gmt":"2012-02-15T23:07:04","guid":{"rendered":"https:\/\/www.wsga-amgs.org\/?page_id=250"},"modified":"2012-02-15T23:50:55","modified_gmt":"2012-02-15T23:50:55","slug":"budget-et-ebauche-de-la-demarche","status":"publish","type":"page","link":"https:\/\/www.wsga-amgs.org\/?page_id=250","title":{"rendered":"Budget et \u00e9bauche de la d\u00e9marche"},"content":{"rendered":"<p><strong>Budget en fonction du temps<br \/>\n<a href=\"https:\/\/www.wsga-amgs.org\/wp-content\/uploads\/2012\/02\/Image-45.png\"><img loading=\"lazy\" decoding=\"async\" class=\"alignleft size-medium wp-image-251\" title=\"Image 45\" src=\"https:\/\/www.wsga-amgs.org\/wp-content\/uploads\/2012\/02\/Image-45-300x168.png\" alt=\"\" width=\"300\" height=\"168\" srcset=\"https:\/\/www.wsga-amgs.org\/wp-content\/uploads\/2012\/02\/Image-45-300x168.png 300w, https:\/\/www.wsga-amgs.org\/wp-content\/uploads\/2012\/02\/Image-45-500x280.png 500w, https:\/\/www.wsga-amgs.org\/wp-content\/uploads\/2012\/02\/Image-45.png 972w\" sizes=\"auto, (max-width: 300px) 100vw, 300px\" \/><\/a><\/strong><\/p>\n<p>&nbsp;<\/p>\n<p>&nbsp;<\/p>\n<p>&nbsp;<\/p>\n<p>&nbsp;<\/p>\n<p><strong>Plan financier<\/strong><br \/>\n<a href=\"https:\/\/www.wsga-amgs.org\/wp-content\/uploads\/2012\/02\/Image-46.png\"><img loading=\"lazy\" decoding=\"async\" class=\"alignleft size-medium wp-image-252\" title=\"Image 46\" src=\"https:\/\/www.wsga-amgs.org\/wp-content\/uploads\/2012\/02\/Image-46-300x267.png\" alt=\"\" width=\"300\" height=\"267\" srcset=\"https:\/\/www.wsga-amgs.org\/wp-content\/uploads\/2012\/02\/Image-46-300x267.png 300w, https:\/\/www.wsga-amgs.org\/wp-content\/uploads\/2012\/02\/Image-46.png 719w\" sizes=\"auto, (max-width: 300px) 100vw, 300px\" \/><\/a><\/p>\n<p>&nbsp;<\/p>\n<p>&nbsp;<\/p>\n<p>&nbsp;<\/p>\n<p>&nbsp;<\/p>\n<p>&nbsp;<\/p>\n<p>&nbsp;<\/p>\n<p><strong>Principe de financement<\/strong><\/p>\n<p>1. P\u00e9riode de \u00ab\u00a0start up\u00a0\u00bb<br \/>\n&#8211; le financement est assur\u00e9 principalement par le CIO<br \/>\n&#8211; une recherche de sponsors est mise en place<br \/>\n&#8211; un syst\u00e8me de membres et de cotisations est cr\u00e9\u00e9<\/p>\n<p>2. D\u00e8s la 5\u00e8me ann\u00e9e<br \/>\n&#8211; le financement est assur\u00e9 principalement par les cotisations et les sponsors<br \/>\n&#8211; le CIO devient le garant de d\u00e9ficit<br \/>\n&#8211; une cotisation, par organisme membre, est pr\u00e9lev\u00e9e \u00e0 raison de CHF 200.00 par<br \/>\nsalari\u00e9 (Ex : CIO \u00e0 400 salari\u00e9s, la cotisation sera de CHF 80\u2019000.00\/an, une FNS \u00e0 2<br \/>\nsalari\u00e9s, la cotisation annuel sera de CHF 400.00\/an)<\/p>\n<p><em>Estimation de la recette : 205 CNO, &gt; 75 FI, &gt; 7500 FNS, &gt; 10 organisations mondiales, &gt; 20 associations professionnelles, villes candidates aux JO ou au championnats du monde, etc. ce qui signifie plus de &gt; 35\u2019000 salari\u00e9s d\u00e9pendant de ces organismes sportifs dans le monde)<\/em><\/p>\n<p><strong><br \/>\n<\/strong><\/p>\n","protected":false},"excerpt":{"rendered":"<p>Budget en fonction du temps &nbsp; &nbsp; &nbsp; &nbsp; Plan financier &nbsp; &nbsp; &nbsp; &nbsp; &nbsp; &nbsp; Principe de financement 1. P\u00e9riode de \u00ab\u00a0start up\u00a0\u00bb &#8211; le financement est assur\u00e9 principalement par le CIO &#8211; une recherche de sponsors est &hellip; <a href=\"https:\/\/www.wsga-amgs.org\/?page_id=250\">Continue reading <span class=\"meta-nav\">&rarr;<\/span><\/a><\/p>\n","protected":false},"author":1,"featured_media":0,"parent":158,"menu_order":5,"comment_status":"closed","ping_status":"closed","template":"sidebar-page.php","meta":{"footnotes":""},"language":[5],"class_list":["post-250","page","type-page","status-publish","hentry","language-fr_fr"],"_links":{"self":[{"href":"https:\/\/www.wsga-amgs.org\/index.php?rest_route=\/wp\/v2\/pages\/250","targetHints":{"allow":["GET"]}}],"collection":[{"href":"https:\/\/www.wsga-amgs.org\/index.php?rest_route=\/wp\/v2\/pages"}],"about":[{"href":"https:\/\/www.wsga-amgs.org\/index.php?rest_route=\/wp\/v2\/types\/page"}],"author":[{"embeddable":true,"href":"https:\/\/www.wsga-amgs.org\/index.php?rest_route=\/wp\/v2\/users\/1"}],"replies":[{"embeddable":true,"href":"https:\/\/www.wsga-amgs.org\/index.php?rest_route=%2Fwp%2Fv2%2Fcomments&post=250"}],"version-history":[{"count":2,"href":"https:\/\/www.wsga-amgs.org\/index.php?rest_route=\/wp\/v2\/pages\/250\/revisions"}],"predecessor-version":[{"id":267,"href":"https:\/\/www.wsga-amgs.org\/index.php?rest_route=\/wp\/v2\/pages\/250\/revisions\/267"}],"up":[{"embeddable":true,"href":"https:\/\/www.wsga-amgs.org\/index.php?rest_route=\/wp\/v2\/pages\/158"}],"wp:attachment":[{"href":"https:\/\/www.wsga-amgs.org\/index.php?rest_route=%2Fwp%2Fv2%2Fmedia&parent=250"}],"wp:term":[{"taxonomy":"language","embeddable":true,"href":"https:\/\/www.wsga-amgs.org\/index.php?rest_route=%2Fwp%2Fv2%2Flanguage&post=250"}],"curies":[{"name":"wp","href":"https:\/\/api.w.org\/{rel}","templated":true}]}}