{"id":207,"date":"2012-02-15T08:52:43","date_gmt":"2012-02-15T08:52:43","guid":{"rendered":"https:\/\/www.wsga-amgs.org\/?page_id=207"},"modified":"2012-07-10T06:17:13","modified_gmt":"2012-07-10T06:17:13","slug":"bibliographie","status":"publish","type":"page","link":"https:\/\/www.wsga-amgs.org\/?page_id=207","title":{"rendered":"Bibliographie"},"content":{"rendered":"<p>Adams, C., T., &amp; Perlmutter, F., D., (1995). Leadership in hard times: Are non profits well served? <em>Non-profit and voluntary Sector Quarterly, 24<\/em>, 253-262.<\/p>\n<p>Albert, M. (1994). L\u2019irruption du Corporate Governance. <em>Revue d\u2019Economie Financi\u00e8re, 31<\/em>, 11-14.<\/p>\n<p>Arcioni, S., &amp; Vandewalle, P., (2010, September).<em> Creation of an independent body for the control of the governance of sporting organisations worldwide. <\/em>Paper presented at the meeting of 18th Conference of the European Association for Sport Management, Prague, Czech Republic.<\/p>\n<p>Arcioni, S., &amp; Bayle, E., (2009, June). <em>La gouvernance des organisations non gouvernementales: le cas des f\u00e9d\u00e9rations sportives internationales<\/em>, <em>[Governance of NGOs: the case of international sports Governing Bodies].<\/em> Paper presented at the meeting of the XIII<sup>\u00e8me<\/sup> Conf\u00e9rence Internationale de l\u2019AIMS, Grenoble, France.<\/p>\n<p>Arcioni, S., (2007b). <em>Les modalit\u00e9s de la gouvernance dans les organisations internationales \u00e0 but non lucratif: le cas des F\u00e9d\u00e9rations internationales sportives<\/em>. Th\u00e8se de doctorat, Universit\u00e9 Claude Bernard Lyon 1, France.<\/p>\n<p>Arcioni, S., (2007a). La gouvernance des f\u00e9d\u00e9rations sportives internationales: proposition d&#8217;un cadre d&#8217;analyse, in E Bayle &amp; P Chantelat, <em>Gouvernance des organisations sportives <\/em>(pp. 49-76). Paris : L\u2019Harmatan.<\/p>\n<p>Attali, J., (2006).<em> Une br\u00e8ve histoire de l\u2019avenir<\/em>. Paris : Fayard.<\/p>\n<p>Bayle, E., (2010). La gouvernance de f\u00e9d\u00e9rations en charge d\u2019une mission de service public: le cas des f\u00e9d\u00e9rations sportives fran\u00e7aises. <em>Politiques et Management Public, 27<\/em>, 11-32.<\/p>\n<p>Bayle, E., (2007). La recherche en management des organisations sportives: objet, champ, niveaux d\u2019analyse et sp\u00e9cificit\u00e9s des pratiques de management, <em>Revue Internationale en Science du Sport et de l\u2019Education Physique, 75<\/em>, 59-81.<\/p>\n<p>Bayle, E., (2001). Les modes de gouvernance des organisations \u00e0 but non lucratif : le cas des f\u00e9d\u00e9rations sportives. <em>Revue des Sciences de Gestion<\/em>, <em>188-189<\/em>, 83-96.<\/p>\n<p>Bayle, E., (2000). La mesure de la performance des organisations \u00e0 but non lucratif: proposition d&#8217;une\u00a0 nouvelle m\u00e9thode appliqu\u00e9e aux f\u00e9d\u00e9rations sportives nationales.<em> Revue Gestion, 17, <\/em>35-54.<\/p>\n<p>Bayle, E., &amp; Chantelat, P., (2007). <em>Gouvernance des organisations sportives<\/em>. Paris : L\u2019Harmattan.<\/p>\n<p>Berger, P.L., &amp; Luckmann, T, (2004). <em>Die gesellschaftliche Konstruktion der Wirklichkeit. Eine Theorie der Wissenssoziologie<\/em>. Frankfurt\/Main\u00a0: Fischer.<\/p>\n<p>Bidet, J., Kouvelakis, E et Husson, M. (2001). L&#8217;\u00e9cole de la r\u00e9gulation, de Marx \u00e0 la Fondation Saint-Simon : un aller sans retour ? in Bidet J &amp; Kouvelakis E, <em>Dictionnaire Marx contemporain <\/em>(pp. 360-443). Paris: PUF.<\/p>\n<p>Blackshaw, I., S., Siekmann, R., C., M., &amp; Janwillem, S., (2006). <em>The Court of Arbitration for Sport<\/em>. Cambridge: University Press.<\/p>\n<p>Blair, M., (1995). Rethinking assumptions behind corporate governance. <em>Challenge<\/em>, <em>33<\/em>, 12-17.<\/p>\n<p>Block, S., R., (1998). <em>Perfect Nonprofit Boards: Myths, paradoxes and paradigms<\/em>. Boston: Ginn Press.<\/p>\n<p>Boncler, J., (2006, June). <em>De l\u2019int\u00e9r\u00eat de la recherche en management \u00e0 travailler sur la gouvernance des associations gestionnaires<\/em>. Paper presented at the meeting of the XV<sup>\u00e8me<\/sup> Conf\u00e9rence Internationale de l\u2019AIMS, Annecy, France.<\/p>\n<p>Bourg, J.F., &amp; Gouguet, J.J., (2004). L\u2019\u00e9conomie des Jeux olympiques. <em>Revue Juridique et Economique du Sport, 72,<\/em> 107-126.<\/p>\n<p>Cadbury, A., (1992). <em>Code of best practices,<\/em><em> The Committee on the Financial Aspects of Corporate Governance,<\/em> London: Gee and Company.<\/p>\n<p>Caiger, A., &amp; Gardiner, S. (2000). <em>Professional sport in the European Union: regulation and re-regulation<\/em>. The Hague: Time Asser.<\/p>\n<p>Cannac, Y., &amp; Godet, M., (2001). La \u00ab\u00a0bonne gouvernance\u00a0\u00bb L\u2019exp\u00e9rience des entreprises, son utilit\u00e9 pour la sph\u00e8re publique. <em>Futuribles \u2013 Analyse et Prospectives, 265<\/em>, 41-50.<\/p>\n<p>Carver, J., (2001). Carver&#8217;s Policy Governance Model in Non-profit Organizations. <em>The Canadian Journal Gouvernance &#8211; Revue internationale, 2<\/em>, 30-48.<\/p>\n<p>Carver, J., (1997). <em>Boards that make a difference: A new design for leadership in non-profit and public organizations. <\/em>\u00a0San Francisco: Jossey-Bass.<\/p>\n<p>Chait, R., P., Ryan, W., &amp; Taylor, B., E., (2004). <em>Governance as leadership: Reframing the work of nonprofit boards<\/em>. Hoboken, JN: John Wiley &amp; Sons.<\/p>\n<p>Chaker, A.-N., (2004). <em>Bonne gouvernance dans le sport.<\/em> U<em>ne \u00e9tude europ\u00e9enne.<\/em> Strasbourg: Publishing Editions.<\/p>\n<p>Chantelat, P., (2001a). Les strat\u00e9gies identitaires des pr\u00e9sidents de clubs sportifs face \u00e0 la professionnalisation: apports et limites d&#8217;un concept. In P. Chantelat, (Ed.), <em>La professionnalisation des organisations sportives: nouveaux enjeux, nouveaux d\u00e9bats<\/em> (pp.315-335). \u00a0Paris : L&#8217;Harmattan.<\/p>\n<p>Chantelat, P., (2001b). Sport, enjeux \u00e9conomiques et corruption: cr\u00e9puscule ou renaissance de l&#8217;utopie olympique? in J.C. Basson (Ed), <em>Sport et ordre public <\/em>(pp.251-269)<em>. <\/em>Paris : La Documentation Fran\u00e7aise \u2013 EHESI, 251-269.<\/p>\n<p>Chappelet, J.-L., (2010. April). <em>Vers une solution globale pour lutter contre les d\u00e9rives du sport, [Towards a comprehensive solution to fight against the excesses of sport]<\/em>. Paper presented at the meeting of Panathlon Club Lausanne : La corruption dans le sport, Lausanne, Suisse.<\/p>\n<p>Chappelet, J.-L., (2010). <em>L\u2019autonomie du sport en Europe.<\/em> Strasbourg: Publishing Editions.<\/p>\n<p>Chappelet, J.-L., (2007). La gouvernance du Comit\u00e9 international olympique, in Bayle, E., &amp; Chantelat, P., <em>Gouvernance des organisations sportives,<\/em> Paris : L\u2019Harmatan, 29-48<\/p>\n<p>Chappelet, J.-L., (2005). Une commission d\u2019\u00e9thique pour la gouvernance du mouvement olympique. <em>Ethique Publique, 7<\/em>, 132-143.<\/p>\n<p>Chappelet, J.-L., (2002). L\u2019agence mondiale antidopage: un nouveau r\u00e9gulateur des relations internationales sportives, <em>Relations Internationales, 111<\/em>, 381-401.<\/p>\n<p>Chappelet, J.-L., (2001). Le syst\u00e8me olympique et les pouvoirs publics face au dopage et \u00e0 la corruption, in J. C. Basson (Ed), <em>Sport et ordre public. <\/em>Paris : La Documentation Fran\u00e7aise \u2013 EHESI.<\/p>\n<p>Chappelet, J.-L., (1991). <em>Le syst\u00e8me olympique<\/em>, Grenoble : Presses Universitaires, Collection Sport en questions.<\/p>\n<p>Chappelet, J.-L., &amp; Bayle, E., (2005). <em>Strategic and Performance Management of Olympic Sport Organisations<\/em>, Champaign, USA: Human Kinetics.<\/p>\n<p>Chappelet, J.-L., &amp; K\u00fcbler-Mabbott, B., (2008). <em>The International Olympic Committee and the Olympic System: The governance of world sport<\/em>, London: Routledge.<\/p>\n<p>Charreaux, G., (dir), (1997). <em>Le gouvernement d&#8217;entreprises, Th\u00e9ories et faits<\/em>. Paris : Economica.<\/p>\n<p>Charreaux, G., (2003). Le gouvernement des entreprises, in J. Allouche (Ed), <em>Encyclop\u00e9die des ressources humaines <\/em>(pp 628-640). Paris : Economica.<\/p>\n<p>Charreaux, G., &amp; Desbri\u00e8res, Ph., (2001). <em>Corporate Governance: Stakeholder Value Versus Shareholder Value<\/em>, Dijon: Universit\u00e9 de Bourgogne &#8211; Latec\/Fargo (Research center in Finance, organizational Architecture and Governance).<\/p>\n<p>CIO, (2009). <em>Code \u00e9thique<\/em>. Lausanne : CIO.<\/p>\n<p>CIO, (2009, September<em>). Le Mouvement Olympique dans la soci\u00e9t\u00e9<\/em>. Copenhague\u00a0: Danemark.<\/p>\n<p>CIO, (2008). <em>Principes universels de base de bonne gouvernance du Mouvement olympique et sportif<\/em>. Lausanne : CIO.<\/p>\n<p>CIO, (2004). <em>Charte olympique<\/em>. Lausanne : CIO.<\/p>\n<p>CIO, (2000). CIO 2000, <em>R\u00e9formes<\/em>, XXVI (Suppl.), 30.<\/p>\n<p>Clarkes, T., (2004). <em>Theories of Corporate Governance: The Philosophical Foundations of Corporate Governance<\/em>. New York: Routledge.<\/p>\n<p>Corlett, J., A., (1998). A Marxist Approach to Business Ethics. <em>Journal of Business Ethics, 17<\/em>, 99-103.<\/p>\n<p>Coutois, G., (1997). La th\u00e9orie de l\u2019agence appliqu\u00e9e aux associations. <em>Revue des \u00e9tudes coop\u00e9ratives mutualistes et associatives, 40<\/em>, 39-42.<\/p>\n<p>Cyert, R., &amp; March, J., G., (1963). <em>Behavioral Theory of the Firm<\/em>. New-Jersey, USA: Prentice Hall Inc.<\/p>\n<p>De Rendinger, A., (2006). <em>Jeux Perdus. Paris 2012, pari g\u00e2ch\u00e9<\/em>. Paris : Fayard.<\/p>\n<p>Drucker, P., F., (1990). <em>Managing the Non-profit Organization<\/em>. New York: Harper Collins.<\/p>\n<p>EOC &amp; FIA. (2001, February). <em>The Rules of the Game<\/em>.<em> <\/em>Final report of the Europe\u2019s first conference on the Governance of Sport<em>. <\/em>Brussels: Belgium.<\/p>\n<p>Fama, E., F., &amp; Jensen, M., C., (1993). Separation of ownership and control. <em>Journal of Law and Economics, 26<\/em>, 301-325.<\/p>\n<p>Finet, A.,\u00a0 (2005). <em>Gouvernement des entreprises.<\/em> Bruxelles : De Boeck.<\/p>\n<p>Gomez, P.-Y., (2001). <em>La r\u00e9publique des actionnaires, le gouvernement d\u2019entreprise entre d\u00e9mocratie et d\u00e9magogie<\/em>. Paris\u00a0: La D\u00e9couverte &amp; Syros.<\/p>\n<p>Gomez, P.-Y., (1996). <em>Le gouvernement de l&#8217;entreprise<\/em>. Paris : InterEditions.<\/p>\n<p>Green, J.-C. &amp; Griesinger, D., (1996). Board performance and organizational effectiveness in non-profit social service organizations. <em>Non-Profit Management and Leadership, 6<\/em>, 381-402.<\/p>\n<p>Henry, I.P., (2007). La gouvernance des f\u00e9d\u00e9rations sportives internationales : une lecture politique. In E. Bayle &amp; P. Chantelat, <em>Gouvernance des organisations sportives <\/em>(pp.\u00a049-\u00a076). Paris : L\u2019Harmatan.<\/p>\n<p>Henry, I., P., (2001). <em>The Politics of Leisure Policy<\/em>. London: Palgrave.<\/p>\n<p>Hermann, R., D., &amp; Heimovics, R., D., (1991). <em>Executive Leadership in Non-profit Organizations<\/em>. San Francisco: Jossey-Bass.<\/p>\n<p>Hermann, R., D., &amp; Heimovics, R., D., (1990). The Effective Non-profit Executive: Leader of the Board. <em>Non-Profit Management &amp; Leadership, 2<\/em>, 167-180.<\/p>\n<p>Houle, C., O., (1997). <em>Governing Boards: Their Nature and Nurture<\/em>. San Francisco: Jossey-Bass.<\/p>\n<p>Hoye, R., Smith, A., Westerbeek, H., Stewart, B., &amp; Nicholson, M., (2005). <em>Sport Management<\/em>. London: Butterworth Heinemann, Elsevier.<\/p>\n<p>Hoye, R., &amp; Cuskelly, G., (2006). <em>Sport governance<\/em>. Oxford: Butterworth-Heinemann, Elsevier.<\/p>\n<p>Hums, M., A., &amp; Maclean, J., C., (2004). <em>Governance and Policy in Sport Organizations<\/em>. Scottsdale, Arizona: Holcomb Hathaway.<\/p>\n<p>Husson, M., (2001). L&#8217;\u00e9cole de la r\u00e9gulation, de Marx \u00e0 la Fondation Saint-Simon: un aller sans retour ? in J. &amp; E. Kouvelakis (Ed). <em>Dictionnaire Marx contemporain <\/em>(pp. 171-182). Paris : PUF.<\/p>\n<p>Jensen, C., Erhard, W., Zaffron, S., (2006, June). <em>Integrity: A Positive Model that Incorporates the Normative Phenomena of Morality, Ethics and Legality.<\/em> Paper presented at the Gruter Institute Conference on Values, Portola Valley, USA.<\/p>\n<p>Jensen, C., &amp; Meckling, W., H., (1976). Theory of the Firm: Managerial Behavior, Agency Costs and Ownership Structure. <em>Journal of Financial Economics<\/em>, <em>3<\/em>, 305-360.<\/p>\n<p>Katwala, S., (2000). <em>Democratising global sport<\/em>. London: The Foreign Policy Center.<\/p>\n<p>Le Joly, K., B., &amp; Moingeon, (2001). <em>Gouvernement d&#8217;entreprise : d\u00e9bats th\u00e9oriques et pratiques<\/em>. Paris : Ellipses.<\/p>\n<p>Madella, A., (1998). La performance di successo delle organizzazioni \u2013 Spunti di riflessione per gestire efficacemente le societa di atletica leggera, <em>Atleticastudi,<\/em> <em>1-2-3<\/em>, 84-98.<\/p>\n<p>Mayaux, F., (1996). <em>Noyau strat\u00e9gique des associations: quel partage des pouvoirs entre dirigeants b\u00e9n\u00e9voles et dirigeants salari\u00e9s ?<\/em>, Th\u00e8se de Doctorat en Sciences de Gestion, Universit\u00e9 Lyon 3, France.<\/p>\n<p>Mintzberg, H., (2004). <em>Pouvoir et gouvernement d\u2019entreprise<\/em>. Paris : Editions d\u2019organisation.<\/p>\n<p>Papadimitriou, D., (1999). Voluntary boards of directors in Greek sport governing bodies. <em>European Journal<\/em><em> for Sport Management, 6<\/em>, 78-103.<\/p>\n<p>Per\u00e8z, R., (2003). <em>La gouvernance de l\u2019entreprise<\/em>. Paris : Ed. La D\u00e9couverte.<\/p>\n<p>Pesqueux, Y., (2007). <em>Gouvernance et privatisation<\/em>. Paris : PUF.<\/p>\n<p>Pesqueux, Y., (2000). <em>Le gouvernement d\u2019entreprise comme id\u00e9ologie<\/em>. Paris : Ellipses.<\/p>\n<p>Pound, R., (2004). <em>Inside the Olympics<\/em>. Montreal: Wiley.<\/p>\n<p>Publications Institut Fran\u00e7ais des Administrateurs, (2009<em>). La gouvernance des associations et fondations<\/em>. Paris : Eyrolles, Editions d\u2019Organisation.<\/p>\n<p>Queinnec, E., &amp; Igalens, J., (2004). <em>Les organisations non gouvernementales et le management<\/em>. Paris : Vuibert.<\/p>\n<p>UNIC, (2005). <em>United Nations &amp; Olympic Truce<\/em>. Athens: United Naitions Information Center and International Olympic Truce Center.<\/p>\n<p>Valaskakis, K., (2001). Westphalie II\u00a0: Pour un nouvel ordre mondial. <em>Futuribles \u2013 Analyse et prospectives, 265<\/em>, 5-27.<\/p>\n<p>Val\u00e9au, P., (2003). Diff\u00e9rentes mani\u00e8res de g\u00e9rer les associations. <em>Revue Fran\u00e7aise de Gestion, 146<\/em>, 9-22.<\/p>\n","protected":false},"excerpt":{"rendered":"<p>Adams, C., T., &amp; Perlmutter, F., D., (1995). Leadership in hard times: Are non profits well served? Non-profit and voluntary Sector Quarterly, 24, 253-262. Albert, M. (1994). L\u2019irruption du Corporate Governance. Revue d\u2019Economie Financi\u00e8re, 31, 11-14. Arcioni, S., &amp; Vandewalle, &hellip; <a href=\"https:\/\/www.wsga-amgs.org\/?page_id=207\">Continue reading <span class=\"meta-nav\">&rarr;<\/span><\/a><\/p>\n","protected":false},"author":1,"featured_media":0,"parent":83,"menu_order":5,"comment_status":"closed","ping_status":"closed","template":"sidebar-page.php","meta":{"footnotes":""},"language":[5],"class_list":["post-207","page","type-page","status-publish","hentry","language-fr_fr"],"_links":{"self":[{"href":"https:\/\/www.wsga-amgs.org\/index.php?rest_route=\/wp\/v2\/pages\/207","targetHints":{"allow":["GET"]}}],"collection":[{"href":"https:\/\/www.wsga-amgs.org\/index.php?rest_route=\/wp\/v2\/pages"}],"about":[{"href":"https:\/\/www.wsga-amgs.org\/index.php?rest_route=\/wp\/v2\/types\/page"}],"author":[{"embeddable":true,"href":"https:\/\/www.wsga-amgs.org\/index.php?rest_route=\/wp\/v2\/users\/1"}],"replies":[{"embeddable":true,"href":"https:\/\/www.wsga-amgs.org\/index.php?rest_route=%2Fwp%2Fv2%2Fcomments&post=207"}],"version-history":[{"count":6,"href":"https:\/\/www.wsga-amgs.org\/index.php?rest_route=\/wp\/v2\/pages\/207\/revisions"}],"predecessor-version":[{"id":285,"href":"https:\/\/www.wsga-amgs.org\/index.php?rest_route=\/wp\/v2\/pages\/207\/revisions\/285"}],"up":[{"embeddable":true,"href":"https:\/\/www.wsga-amgs.org\/index.php?rest_route=\/wp\/v2\/pages\/83"}],"wp:attachment":[{"href":"https:\/\/www.wsga-amgs.org\/index.php?rest_route=%2Fwp%2Fv2%2Fmedia&parent=207"}],"wp:term":[{"taxonomy":"language","embeddable":true,"href":"https:\/\/www.wsga-amgs.org\/index.php?rest_route=%2Fwp%2Fv2%2Flanguage&post=207"}],"curies":[{"name":"wp","href":"https:\/\/api.w.org\/{rel}","templated":true}]}}