{"id":167,"date":"2012-02-14T13:23:45","date_gmt":"2012-02-14T13:23:45","guid":{"rendered":"https:\/\/www.wsga-amgs.org\/?page_id=167"},"modified":"2012-02-14T14:18:21","modified_gmt":"2012-02-14T14:18:21","slug":"creation-dun-organisme-independant","status":"publish","type":"page","link":"https:\/\/www.wsga-amgs.org\/?page_id=167","title":{"rendered":"Cr\u00e9ation d\u2019un organisme ind\u00e9pendant"},"content":{"rendered":"<p><strong><\/strong><strong>Quels seraient les arguments en faveur de la cr\u00e9ation d\u2019un organisme ind\u00e9pendant pour le contr\u00f4le du bon fonctionnement et de la gouvernance du sport dans le monde\u00a0?<\/strong><\/p>\n<p>En fait, il ne s\u2019agirait pas directement d\u2019un organe de contr\u00f4le au sens strict du terme, mais bien d\u2019un organisme ind\u00e9pendant, travaillant dans le monde du sport, capable d\u2019aider tous les membres et les acteurs du sport \u00e0 am\u00e9liorer leurs structures de gouvernance et tendre vers une transparence totale ainsi que vers une harmonisation totale.<\/p>\n<p>Actuellement, contrairement au monde \u00e9conomique, il existe un vide juridique dans le domaine. Aucun organe de contr\u00f4le officiel n\u2019existe \u00e0 ce jour. De plus, depuis la disparition d\u2019OATH (Olympic Advocates Together Honorability), il n\u2019y a plus de \u00ab\u00a0syndicat\u00a0d\u2019athl\u00e8tes\u00a0\u00bb et ce n\u2019est pas \u00e0 la mission du TAS d\u2019y rem\u00e9dier. Par contre, l\u2019UN-Watch s\u2019y int\u00e9resse (Ex\u00a0: certaines apparitions de cette organisation durant les JO de P\u00e9kin en 2008).<\/p>\n<p>D\u2019autre part, le gigantisme du syst\u00e8me sportif ainsi que l\u2019imbrication de certains \u00e9tats de pays totalitaires ou du sud dans les syst\u00e8mes sportifs nationaux, le contr\u00f4le des milieux du sport par certaines organisations mafieuses (Ex : FNS de la FILA des ex pays de l\u2019URSS, blanchiment d\u2019argent, l\u2019organisation de paris en ligne, etc.) m\u00e9riteraient que l\u2019on attache une grande importance aux contr\u00f4les de gouvernance du monde du sport.<\/p>\n<p>Cet organisme ind\u00e9pendant aurait pour mission d\u2019assister les membres de la famille olympique aux am\u00e9liorations de leurs structures, ainsi que tous les acteurs du sport amateur et professionnel, sur le plan international comme national. Il s\u2019agira pour cet organe d\u2019\u00e9tablir un syst\u00e8me de contr\u00f4le de la gouvernance afin de tendre vers un standard de gouvernance du monde du sport.<\/p>\n","protected":false},"excerpt":{"rendered":"<p>Quels seraient les arguments en faveur de la cr\u00e9ation d\u2019un organisme ind\u00e9pendant pour le contr\u00f4le du bon fonctionnement et de la gouvernance du sport dans le monde\u00a0? En fait, il ne s\u2019agirait pas directement d\u2019un organe de contr\u00f4le au sens &hellip; <a href=\"https:\/\/www.wsga-amgs.org\/?page_id=167\">Continue reading <span class=\"meta-nav\">&rarr;<\/span><\/a><\/p>\n","protected":false},"author":1,"featured_media":0,"parent":158,"menu_order":2,"comment_status":"closed","ping_status":"closed","template":"sidebar-page.php","meta":{"footnotes":""},"language":[5],"class_list":["post-167","page","type-page","status-publish","hentry","language-fr_fr"],"_links":{"self":[{"href":"https:\/\/www.wsga-amgs.org\/index.php?rest_route=\/wp\/v2\/pages\/167","targetHints":{"allow":["GET"]}}],"collection":[{"href":"https:\/\/www.wsga-amgs.org\/index.php?rest_route=\/wp\/v2\/pages"}],"about":[{"href":"https:\/\/www.wsga-amgs.org\/index.php?rest_route=\/wp\/v2\/types\/page"}],"author":[{"embeddable":true,"href":"https:\/\/www.wsga-amgs.org\/index.php?rest_route=\/wp\/v2\/users\/1"}],"replies":[{"embeddable":true,"href":"https:\/\/www.wsga-amgs.org\/index.php?rest_route=%2Fwp%2Fv2%2Fcomments&post=167"}],"version-history":[{"count":2,"href":"https:\/\/www.wsga-amgs.org\/index.php?rest_route=\/wp\/v2\/pages\/167\/revisions"}],"predecessor-version":[{"id":188,"href":"https:\/\/www.wsga-amgs.org\/index.php?rest_route=\/wp\/v2\/pages\/167\/revisions\/188"}],"up":[{"embeddable":true,"href":"https:\/\/www.wsga-amgs.org\/index.php?rest_route=\/wp\/v2\/pages\/158"}],"wp:attachment":[{"href":"https:\/\/www.wsga-amgs.org\/index.php?rest_route=%2Fwp%2Fv2%2Fmedia&parent=167"}],"wp:term":[{"taxonomy":"language","embeddable":true,"href":"https:\/\/www.wsga-amgs.org\/index.php?rest_route=%2Fwp%2Fv2%2Flanguage&post=167"}],"curies":[{"name":"wp","href":"https:\/\/api.w.org\/{rel}","templated":true}]}}