{"id":13,"date":"2012-02-06T23:30:48","date_gmt":"2012-02-06T23:30:48","guid":{"rendered":"https:\/\/www.wsga-amgs.org\/?page_id=13"},"modified":"2012-02-14T09:43:04","modified_gmt":"2012-02-14T09:43:04","slug":"13-2","status":"publish","type":"page","link":"https:\/\/www.wsga-amgs.org\/?page_id=13","title":{"rendered":"Qu&#8217;est-ce ?"},"content":{"rendered":"<p>Le monde du sport et de ses organisations est un syst\u00e8me complexe par la multiplicit\u00e9 des \u00e9l\u00e9ments qui le compose et l\u2019ambigu\u00eft\u00e9 des relations entre ses membres et son environnement. Les F\u00e9d\u00e9rations Internationales sportives (FI) sont f\u00e9d\u00e9r\u00e9es par les r\u00e8gles du syst\u00e8me olympique, mais chaque FI est une association ind\u00e9pendante au sens des articles 60 et suivants du Code civil suisse. Dans ce contexte, comment le monde du sport peut-il alors se r\u00e9guler, c\u2019est-\u00e0-dire contr\u00f4ler et am\u00e9liorer sa gouvernance\u00a0?<\/p>\n<p>C\u2019est en cr\u00e9ant la \u00ab\u00a0World Sport Governance Agency\u00a0\u00bb (WSGA), propos\u00e9 par Sandro Arcioni (2010), que le contr\u00f4le de l\u2019application de la Charte Olympique, des recommandations du rapport CIO 2000 et du document du CIO : \u201c Principes universels de base de bonne gouvernance du Mouvement olympique sportif\u201d ainsi que des r\u00e9solutions 41 et 42 du rapport du CIO de Copenhague 2009 : \u201cLe Mouvement Olympique dans la soci\u00e9t\u00e9\u201d, pourra \u00eatre ex\u00e9cut\u00e9. A comparer \u00e0 l\u2019\u00e9conomie priv\u00e9e, il serait une sorte de \u00ab\u00a0Sarbanes Oxley Act\u00a0\u00bb appliqu\u00e9 au domaine du sport. L\u2019avantage de cette WSGA est de combler un vide juridique sur le plan international et d\u2019\u00e9viter que le UN-Watch ou la Commission europ\u00e9enne dicte leurs lois au monde du sport.<\/p>\n","protected":false},"excerpt":{"rendered":"<p>Le monde du sport et de ses organisations est un syst\u00e8me complexe par la multiplicit\u00e9 des \u00e9l\u00e9ments qui le compose et l\u2019ambigu\u00eft\u00e9 des relations entre ses membres et son environnement. Les F\u00e9d\u00e9rations Internationales sportives (FI) sont f\u00e9d\u00e9r\u00e9es par les r\u00e8gles &hellip; <a href=\"https:\/\/www.wsga-amgs.org\/?page_id=13\">Continue reading <span class=\"meta-nav\">&rarr;<\/span><\/a><\/p>\n","protected":false},"author":1,"featured_media":0,"parent":0,"menu_order":0,"comment_status":"closed","ping_status":"closed","template":"sidebar-page.php","meta":{"footnotes":""},"language":[5],"class_list":["post-13","page","type-page","status-publish","hentry","language-fr_fr"],"_links":{"self":[{"href":"https:\/\/www.wsga-amgs.org\/index.php?rest_route=\/wp\/v2\/pages\/13","targetHints":{"allow":["GET"]}}],"collection":[{"href":"https:\/\/www.wsga-amgs.org\/index.php?rest_route=\/wp\/v2\/pages"}],"about":[{"href":"https:\/\/www.wsga-amgs.org\/index.php?rest_route=\/wp\/v2\/types\/page"}],"author":[{"embeddable":true,"href":"https:\/\/www.wsga-amgs.org\/index.php?rest_route=\/wp\/v2\/users\/1"}],"replies":[{"embeddable":true,"href":"https:\/\/www.wsga-amgs.org\/index.php?rest_route=%2Fwp%2Fv2%2Fcomments&post=13"}],"version-history":[{"count":10,"href":"https:\/\/www.wsga-amgs.org\/index.php?rest_route=\/wp\/v2\/pages\/13\/revisions"}],"predecessor-version":[{"id":17,"href":"https:\/\/www.wsga-amgs.org\/index.php?rest_route=\/wp\/v2\/pages\/13\/revisions\/17"}],"wp:attachment":[{"href":"https:\/\/www.wsga-amgs.org\/index.php?rest_route=%2Fwp%2Fv2%2Fmedia&parent=13"}],"wp:term":[{"taxonomy":"language","embeddable":true,"href":"https:\/\/www.wsga-amgs.org\/index.php?rest_route=%2Fwp%2Fv2%2Flanguage&post=13"}],"curies":[{"name":"wp","href":"https:\/\/api.w.org\/{rel}","templated":true}]}}