{"id":103,"date":"2012-02-14T12:21:32","date_gmt":"2012-02-14T12:21:32","guid":{"rendered":"https:\/\/www.wsga-amgs.org\/?page_id=103"},"modified":"2012-02-14T12:42:36","modified_gmt":"2012-02-14T12:42:36","slug":"code-de-bonnes-pratiques-chartes-ethiques","status":"publish","type":"page","link":"https:\/\/www.wsga-amgs.org\/?page_id=103","title":{"rendered":"Code de bonnes pratiques, chartes \u00e9thiques"},"content":{"rendered":"<p>Comme dans les entreprises, suite aux travaux de Cadbury et d\u2019autres auteurs, les codes de bonne conduite ou codes \u00e9thiques ont vu leur apparition aussi dans le monde du sport. En fait, c\u2019est la Charte Olympique, du Baron Pierre de Coubertin, qui disposait des pr\u00e9misses de l\u2019Ethique dans le domaine du sport. Le code \u00e9thique du CIO, qui a \u00e9t\u00e9 revu en 2009, est en am\u00e9lioration constante face aux nouveaux d\u00e9fis et enjeux que le sport repr\u00e9sente face aux m\u00e9dias, \u00e0 l\u2019\u00e9volution humaine et \u00e0 toutes les autres parties prenantes du sport. Pour le contr\u00f4le ou le traitement de plaintes concernant le non respect du code \u00e9thique, le CIO a cr\u00e9\u00e9 une commission d\u2019\u00e9thique depuis une dizaine d\u2019ann\u00e9es.<\/p>\n<p>Entre 2007 et f\u00e9vrier 2008, le CIO a travaill\u00e9 sur les principes de gouvernance dans le sport et a publi\u00e9 un document pr\u00e9liminaire intitul\u00e9 \u00ab\u00a0Principe universel de base de bonne gouvernance du Mouvement olympique et sportif\u00a0\u00bb qui donne \u00e0 l\u2019ensemble des organisations sportives dans le monde un aper\u00e7u sur les missions et la strat\u00e9gie du d\u00e9veloppement du sport, la vision des structures, des r\u00e9glementations et des processus d\u00e9mocratiques, le haut niveau de comp\u00e9tence, d\u2019int\u00e9grit\u00e9 et des normes \u00e9thiques, les d\u00e9finitions de la responsabilit\u00e9, la transparence et du contr\u00f4le, une explication de la solidarit\u00e9 et du d\u00e9veloppement ainsi que l\u2019implication des athl\u00e8tes, leur participation et l\u2019attention qu\u2019on leur porte.<\/p>\n<p>Par contre, \u00ab\u00a0curieusement\u00a0 les FI n\u2019appartiennent pas formellement \u00e0 ces \u00ab\u00a0parties olympiques\u00a0\u00bb vis\u00e9es par le Code d\u2019\u00e9thique du CIO. De plus, les sanctions pr\u00e9vues par la Charte olympique sont seulement en relation avec la participation d\u2019individus ou d\u2019organisations aux Jeux Olympiques. Elles ne touchent en aucun cas les autres domaines du sport. Plusieurs FI et CNO ont d\u2019ailleurs leurs propres codes et commissions d\u2019\u00e9thique, voire un r\u00e8glement sur les conflits d\u2019int\u00e9r\u00eats ou m\u00eame des r\u00e8gles de bonne gouvernance\u00a0\u00bb. (Chappelet 2006)<\/p>\n<p>Pour ce qui est des autres pays et droits, les FI ne jouissent d\u2019aucune protection particuli\u00e8re. Selon la description de Chappelet (2006), le CIO est mentionn\u00e9 tous les deux ans dans les r\u00e9solutions de l\u2019assembl\u00e9e g\u00e9n\u00e9rale de l\u2019ONU \u00e0 propos de la Tr\u00eave olympique (UNIC 2005)<a title=\"\" href=\"#_ftn1\">[1]<\/a>. Il a \u00e9galement \u00e9t\u00e9 mentionn\u00e9 dans des r\u00e9solutions de l\u2019UNESCO concernant le dopage. Il est reconnu par le Trait\u00e9 de Nairobi (1981) comme propri\u00e9taire du symbole olympique (anneaux entrelac\u00e9s). Mais cela ne donne bien s\u00fbr pas force l\u00e9gale \u00e0 la Charte olympique.<\/p>\n<p>Dans de nombreuses constitutions nationales et dans le projet de constitution europ\u00e9enne, le sport occupe une place parfois m\u00eame importante (constitution danoise). \u00ab\u00a0Ces textes fournissent le cadre fondamental de la vie collective auquel ne peut se soustraire ni le sport, ni le CIO, ni les FI. Plusieurs principes que l\u2019on retrouve dans ces textes constitutionnels et ces recommandations d\u2019organisations intergouvernementales se retrouvent dans le pr\u00e9ambule de la Charte olympique, tels que le respect des \u00ab\u00a0principes \u00e9thiques fondamentaux universels\u00a0\u00bb, le droit au sport comme droit humain, la pr\u00e9servation de la dignit\u00e9 humaine, la solidarit\u00e9, la non-discrimination, l\u2019organisation et la gestion des organismes sportifs de fa\u00e7on ind\u00e9pendante des pouvoirs publics et commerciaux, la valeur \u00e9ducative du sport, etc.\u00a0\u00bb (Chappelet 2006)<\/p>\n<p>C\u2019est aussi \u00e0 la fin du XX\u00e8me si\u00e8cle qu\u2019appara\u00eet le terme de \u00ab\u00a0gouvernance\u00a0\u00bb dans les cercles olympiques, notamment sous l\u2019influence des journalistes et sponsors olympiques am\u00e9ricains. Il sera, par la suite, introduit formellement dans la Charte olympique en 2004 (CIO 2004, r\u00e8gle 19.3.2). Cette pr\u00e9occupation soudaine pour la gouvernance r\u00e9sulte des dysfonctionnements mentionn\u00e9s ci-dessus, mais aussi \u2013 \u00e0 partir des ann\u00e9es 1980 \u2013 de la professionnalisation progressive des organisations internationales sportives et de l\u2019int\u00e9r\u00eat croissant des diff\u00e9rentes parties prenantes \u2013\u00a0 notamment les Etats nations, l\u2019Union europ\u00e9enne et les sponsors \u2013 \u00e0 la marche du Syst\u00e8me olympique (Chappelet 1991). Ce syst\u00e8me, tr\u00e8s certainement un des derniers d\u2019ailleurs, \u00e9tait une des plus anciennes fa\u00e7ons de s\u2019auto-gouverner en r\u00e9seau, avec des m\u00e9canismes de coordination consensuels et horizontaux. Son fragile \u00e9quilibre est tout \u00e0 coup remis en cause, vu l\u2019opacit\u00e9 de son management face \u00e0 sa \u00ab\u00a0responsabilit\u00e9 soci\u00e9tale\u00a0\u00bb, par de nouveaux types d\u2019acteurs publics ou marchands d\u00e9sireux de participer, en quelque sorte, \u00e0 sa gouvernance.\u00a0\u00bb (Chappelet 2001).<\/p>\n<div><br clear=\"all\" \/><\/p>\n<hr align=\"left\" size=\"1\" width=\"33%\" \/>\n<div>\n<p><a title=\"\" href=\"#_ftnref1\">[1]<\/a> UNIC (2005). <em>United Nations &amp; Olympic Truce<\/em>. Athens\u00a0: United Naitions Information Center and International Olympic Truce Center.<\/p>\n<\/div>\n<\/div>\n","protected":false},"excerpt":{"rendered":"<p>Comme dans les entreprises, suite aux travaux de Cadbury et d\u2019autres auteurs, les codes de bonne conduite ou codes \u00e9thiques ont vu leur apparition aussi dans le monde du sport. En fait, c\u2019est la Charte Olympique, du Baron Pierre de &hellip; <a href=\"https:\/\/www.wsga-amgs.org\/?page_id=103\">Continue reading <span class=\"meta-nav\">&rarr;<\/span><\/a><\/p>\n","protected":false},"author":1,"featured_media":0,"parent":83,"menu_order":3,"comment_status":"closed","ping_status":"closed","template":"sidebar-page.php","meta":{"footnotes":""},"language":[5],"class_list":["post-103","page","type-page","status-publish","hentry","language-fr_fr"],"_links":{"self":[{"href":"https:\/\/www.wsga-amgs.org\/index.php?rest_route=\/wp\/v2\/pages\/103","targetHints":{"allow":["GET"]}}],"collection":[{"href":"https:\/\/www.wsga-amgs.org\/index.php?rest_route=\/wp\/v2\/pages"}],"about":[{"href":"https:\/\/www.wsga-amgs.org\/index.php?rest_route=\/wp\/v2\/types\/page"}],"author":[{"embeddable":true,"href":"https:\/\/www.wsga-amgs.org\/index.php?rest_route=\/wp\/v2\/users\/1"}],"replies":[{"embeddable":true,"href":"https:\/\/www.wsga-amgs.org\/index.php?rest_route=%2Fwp%2Fv2%2Fcomments&post=103"}],"version-history":[{"count":3,"href":"https:\/\/www.wsga-amgs.org\/index.php?rest_route=\/wp\/v2\/pages\/103\/revisions"}],"predecessor-version":[{"id":133,"href":"https:\/\/www.wsga-amgs.org\/index.php?rest_route=\/wp\/v2\/pages\/103\/revisions\/133"}],"up":[{"embeddable":true,"href":"https:\/\/www.wsga-amgs.org\/index.php?rest_route=\/wp\/v2\/pages\/83"}],"wp:attachment":[{"href":"https:\/\/www.wsga-amgs.org\/index.php?rest_route=%2Fwp%2Fv2%2Fmedia&parent=103"}],"wp:term":[{"taxonomy":"language","embeddable":true,"href":"https:\/\/www.wsga-amgs.org\/index.php?rest_route=%2Fwp%2Fv2%2Flanguage&post=103"}],"curies":[{"name":"wp","href":"https:\/\/api.w.org\/{rel}","templated":true}]}}